{"id":11,"date":"2021-06-30T09:42:42","date_gmt":"2021-06-30T09:42:42","guid":{"rendered":"http:\/\/travia.local\/?page_id=11"},"modified":"2022-03-29T10:33:38","modified_gmt":"2022-03-29T10:33:38","slug":"dienstleistungen","status":"publish","type":"page","link":"https:\/\/travia-service.ch\/?page_id=11","title":{"rendered":"Dienstleistungen"},"content":{"rendered":"<h2><span style=\"font-size: 18pt; font-family: arial, helvetica, sans-serif;\">Dienstleistungen &#8211; mit h\u00f6chster Kompetenz &amp; individuell auf Ihre Anforderungen abgestimmt<\/span><\/h2>\n<p>&nbsp;<\/p>\n<p><span style=\"font-family: arial, helvetica, sans-serif;\"><img loading=\"lazy\" decoding=\"async\" class=\"alignnone wp-image-123 size-full\" src=\"http:\/\/travia.local\/wp-content\/uploads\/2021\/07\/Team-Meeting-Besprechung.jpg\" alt=\"\" width=\"1920\" height=\"1280\" srcset=\"https:\/\/travia-service.ch\/wp-content\/uploads\/2021\/07\/Team-Meeting-Besprechung.jpg 1920w, https:\/\/travia-service.ch\/wp-content\/uploads\/2021\/07\/Team-Meeting-Besprechung-300x200.jpg 300w, https:\/\/travia-service.ch\/wp-content\/uploads\/2021\/07\/Team-Meeting-Besprechung-1024x683.jpg 1024w, https:\/\/travia-service.ch\/wp-content\/uploads\/2021\/07\/Team-Meeting-Besprechung-768x512.jpg 768w, https:\/\/travia-service.ch\/wp-content\/uploads\/2021\/07\/Team-Meeting-Besprechung-1536x1024.jpg 1536w, https:\/\/travia-service.ch\/wp-content\/uploads\/2021\/07\/Team-Meeting-Besprechung-1000x667.jpg 1000w, https:\/\/travia-service.ch\/wp-content\/uploads\/2021\/07\/Team-Meeting-Besprechung-660x440.jpg 660w, https:\/\/travia-service.ch\/wp-content\/uploads\/2021\/07\/Team-Meeting-Besprechung-373x248.jpg 373w\" sizes=\"auto, (max-width: 1920px) 100vw, 1920px\" \/><\/span><\/p>\n<p>&nbsp;<\/p>\n<p>&nbsp;<\/p>\n<p>&nbsp;<\/p>\n<p><span style=\"font-family: arial, helvetica, sans-serif;\"><img loading=\"lazy\" decoding=\"async\" class=\"wp-image-153 alignright\" src=\"http:\/\/travia.local\/wp-content\/uploads\/2021\/07\/Stift-fuer-Unterschrift-1024x683.jpg\" alt=\"\" width=\"461\" height=\"308\" srcset=\"https:\/\/travia-service.ch\/wp-content\/uploads\/2021\/07\/Stift-fuer-Unterschrift-1024x683.jpg 1024w, https:\/\/travia-service.ch\/wp-content\/uploads\/2021\/07\/Stift-fuer-Unterschrift-300x200.jpg 300w, https:\/\/travia-service.ch\/wp-content\/uploads\/2021\/07\/Stift-fuer-Unterschrift-768x512.jpg 768w, https:\/\/travia-service.ch\/wp-content\/uploads\/2021\/07\/Stift-fuer-Unterschrift-1536x1024.jpg 1536w, https:\/\/travia-service.ch\/wp-content\/uploads\/2021\/07\/Stift-fuer-Unterschrift-2048x1365.jpg 2048w, https:\/\/travia-service.ch\/wp-content\/uploads\/2021\/07\/Stift-fuer-Unterschrift-1000x667.jpg 1000w, https:\/\/travia-service.ch\/wp-content\/uploads\/2021\/07\/Stift-fuer-Unterschrift-660x440.jpg 660w, https:\/\/travia-service.ch\/wp-content\/uploads\/2021\/07\/Stift-fuer-Unterschrift-373x248.jpg 373w\" sizes=\"auto, (max-width: 461px) 100vw, 461px\" \/><\/span><\/p>\n<p><span style=\"font-size: 18pt; font-family: arial, helvetica, sans-serif;\">Kaufm\u00e4nnische Dienstleistungen<\/span><\/p>\n<p>&nbsp;<\/p>\n<p><span style=\"font-family: arial, helvetica, sans-serif;\">Wir erbringen kaufm\u00e4nnische Dienstleistungen, sowohl direkt bei unseren Kunden oder vor Ort in unserem B\u00fcro im Raum Z\u00fcrich. Unsere qualifizierten Sachbearbeiter \u00fcbernehmen beispielsweise Fakturations-Prozesse, Controlling-Aufgaben, Bearbeitung von Kundenfeedback, Marketing-Aufgaben.\u00a0Professionalit\u00e4t wird durch anspruchsvolles Qualit\u00e4ts- und Wissensmanagement sichergestellt.\u00a0Bitte nehmen Sie bei Interesse oder f\u00fcr Referenzanfragen mit uns Kontakt auf.<\/span><\/p>\n<p>&nbsp;<\/p>\n<p>&nbsp;<\/p>\n<p>&nbsp;<\/p>\n<p>&nbsp;<\/p>\n<table style=\"height: 279px; width: 100%; border-collapse: collapse; border-style: inset; border-bottom-style: hidden;\">\n<tbody>\n<tr style=\"height: 39px;\">\n<td style=\"width: 50%; height: 39px;\"><span style=\"font-size: 14pt; font-family: arial, helvetica, sans-serif;\">Qualit\u00e4tsmanagement<\/span><\/td>\n<td style=\"width: 50%; height: 39px;\"><span style=\"font-family: arial, helvetica, sans-serif; font-size: 14pt;\">Wissensmanagement<\/span><\/td>\n<\/tr>\n<tr style=\"height: 240px;\">\n<td style=\"width: 50%; height: 240px;\"><span style=\"font-family: arial, helvetica, sans-serif;\">F\u00fcr die an uns \u00fcbertragenen Aufgaben, Abl\u00e4ufe und Prozesse entwickeln wir Qualit\u00e4tskriterien und messen diese regelm\u00e4ssig mit festgelegten KPI (Key Performance Index). Dadurch erm\u00f6glichen wir den kontinuierlichen Lernprozess, der zu einer\u00a0langfristigen, messbaren Effizienz- und Qualit\u00e4tssteigerung f\u00fchrt.<\/span><\/td>\n<td style=\"width: 50%; height: 240px;\"><span style=\"font-family: arial, helvetica, sans-serif;\">Wir halten das relevante Wissen sorgf\u00e4ltig und regelm\u00e4ssig fest. Die erfassten Prozess- und Wissensdokumentationen werden unseren Kunden jederzeit transparent zur Verf\u00fcgung gestellt. Damit stellen wir den uneingeschr\u00e4nkten Zugriff auf unser erarbeitetes Know-how sicher.<\/span><\/td>\n<\/tr>\n<\/tbody>\n<\/table>\n<table style=\"width: 100%; border-collapse: collapse; border-style: hidden; border-bottom-style: inset;\">\n<tbody>\n<tr>\n<td style=\"width: 50%;\"><img loading=\"lazy\" decoding=\"async\" class=\"wp-image-323 size-1536x1536 aligncenter\" src=\"http:\/\/travia-service.ch\/wp-content\/uploads\/2022\/03\/Qualitaetsmanagement-1536x1024.jpg\" alt=\"\" width=\"660\" height=\"440\" srcset=\"https:\/\/travia-service.ch\/wp-content\/uploads\/2022\/03\/Qualitaetsmanagement-1536x1024.jpg 1536w, https:\/\/travia-service.ch\/wp-content\/uploads\/2022\/03\/Qualitaetsmanagement-300x200.jpg 300w, https:\/\/travia-service.ch\/wp-content\/uploads\/2022\/03\/Qualitaetsmanagement-1024x683.jpg 1024w, https:\/\/travia-service.ch\/wp-content\/uploads\/2022\/03\/Qualitaetsmanagement-768x512.jpg 768w, https:\/\/travia-service.ch\/wp-content\/uploads\/2022\/03\/Qualitaetsmanagement-2048x1365.jpg 2048w, https:\/\/travia-service.ch\/wp-content\/uploads\/2022\/03\/Qualitaetsmanagement-1000x667.jpg 1000w, https:\/\/travia-service.ch\/wp-content\/uploads\/2022\/03\/Qualitaetsmanagement-660x440.jpg 660w, https:\/\/travia-service.ch\/wp-content\/uploads\/2022\/03\/Qualitaetsmanagement-373x248.jpg 373w\" sizes=\"auto, (max-width: 660px) 100vw, 660px\" \/><\/td>\n<td style=\"width: 50%;\"><img loading=\"lazy\" decoding=\"async\" class=\"wp-image-210 size-1536x1536 aligncenter\" src=\"http:\/\/travia-service.ch\/wp-content\/uploads\/2021\/07\/Wissensmanagement-scaled-e1625653273883-1536x1025.jpg\" alt=\"\" width=\"660\" height=\"440\" srcset=\"https:\/\/travia-service.ch\/wp-content\/uploads\/2021\/07\/Wissensmanagement-scaled-e1625653273883-1536x1025.jpg 1536w, https:\/\/travia-service.ch\/wp-content\/uploads\/2021\/07\/Wissensmanagement-scaled-e1625653273883-300x200.jpg 300w, https:\/\/travia-service.ch\/wp-content\/uploads\/2021\/07\/Wissensmanagement-scaled-e1625653273883-1024x683.jpg 1024w, https:\/\/travia-service.ch\/wp-content\/uploads\/2021\/07\/Wissensmanagement-scaled-e1625653273883-768x512.jpg 768w, https:\/\/travia-service.ch\/wp-content\/uploads\/2021\/07\/Wissensmanagement-scaled-e1625653273883-2048x1366.jpg 2048w, https:\/\/travia-service.ch\/wp-content\/uploads\/2021\/07\/Wissensmanagement-scaled-e1625653273883-1000x667.jpg 1000w, https:\/\/travia-service.ch\/wp-content\/uploads\/2021\/07\/Wissensmanagement-scaled-e1625653273883-660x440.jpg 660w, https:\/\/travia-service.ch\/wp-content\/uploads\/2021\/07\/Wissensmanagement-scaled-e1625653273883-373x248.jpg 373w\" sizes=\"auto, (max-width: 660px) 100vw, 660px\" \/><\/td>\n<\/tr>\n<\/tbody>\n<\/table>\n","protected":false},"excerpt":{"rendered":"<p>Dienstleistungen &#8211; mit h\u00f6chster Kompetenz &amp; individuell auf Ihre Anforderungen abgestimmt &nbsp; &nbsp; &nbsp; &nbsp; Kaufm\u00e4nnische Dienstleistungen &nbsp; Wir erbringen kaufm\u00e4nnische Dienstleistungen, sowohl direkt bei unseren Kunden oder vor Ort&hellip; <a class=\"excerpt-more-link\" href=\"https:\/\/travia-service.ch\/?page_id=11\">Read More<\/a><\/p>\n","protected":false},"author":1,"featured_media":0,"parent":0,"menu_order":0,"comment_status":"closed","ping_status":"closed","template":"page-templates\/full-width.php","meta":{"footnotes":""},"class_list":["post-11","page","type-page","status-publish","hentry"],"_links":{"self":[{"href":"https:\/\/travia-service.ch\/index.php?rest_route=\/wp\/v2\/pages\/11","targetHints":{"allow":["GET"]}}],"collection":[{"href":"https:\/\/travia-service.ch\/index.php?rest_route=\/wp\/v2\/pages"}],"about":[{"href":"https:\/\/travia-service.ch\/index.php?rest_route=\/wp\/v2\/types\/page"}],"author":[{"embeddable":true,"href":"https:\/\/travia-service.ch\/index.php?rest_route=\/wp\/v2\/users\/1"}],"replies":[{"embeddable":true,"href":"https:\/\/travia-service.ch\/index.php?rest_route=%2Fwp%2Fv2%2Fcomments&post=11"}],"version-history":[{"count":104,"href":"https:\/\/travia-service.ch\/index.php?rest_route=\/wp\/v2\/pages\/11\/revisions"}],"predecessor-version":[{"id":384,"href":"https:\/\/travia-service.ch\/index.php?rest_route=\/wp\/v2\/pages\/11\/revisions\/384"}],"wp:attachment":[{"href":"https:\/\/travia-service.ch\/index.php?rest_route=%2Fwp%2Fv2%2Fmedia&parent=11"}],"curies":[{"name":"wp","href":"https:\/\/api.w.org\/{rel}","templated":true}]}}