{"id":9,"date":"2021-06-30T09:42:27","date_gmt":"2021-06-30T09:42:27","guid":{"rendered":"http:\/\/travia.local\/?page_id=9"},"modified":"2022-03-08T14:46:40","modified_gmt":"2022-03-08T14:46:40","slug":"unternehmen","status":"publish","type":"page","link":"https:\/\/travia-service.ch\/?page_id=9","title":{"rendered":"Unternehmen"},"content":{"rendered":"<h2><span style=\"font-size: 18pt;\"><span style=\"font-family: arial, helvetica, sans-serif;\">Unternehmen &#8211; Ihr Outsourcing-Partner in Sachen kaufm\u00e4nnische Dienstleistungen<\/span><\/span><\/h2>\n<p>&nbsp;<\/p>\n<p><img loading=\"lazy\" decoding=\"async\" class=\"alignnone wp-image-208 size-full\" src=\"http:\/\/travia.local\/wp-content\/uploads\/2021\/07\/BMW_Vertragsabschluss.jpg\" alt=\"\" width=\"2000\" height=\"1333\" srcset=\"https:\/\/travia-service.ch\/wp-content\/uploads\/2021\/07\/BMW_Vertragsabschluss.jpg 2000w, https:\/\/travia-service.ch\/wp-content\/uploads\/2021\/07\/BMW_Vertragsabschluss-300x200.jpg 300w, https:\/\/travia-service.ch\/wp-content\/uploads\/2021\/07\/BMW_Vertragsabschluss-1024x682.jpg 1024w, https:\/\/travia-service.ch\/wp-content\/uploads\/2021\/07\/BMW_Vertragsabschluss-768x512.jpg 768w, https:\/\/travia-service.ch\/wp-content\/uploads\/2021\/07\/BMW_Vertragsabschluss-1536x1024.jpg 1536w, https:\/\/travia-service.ch\/wp-content\/uploads\/2021\/07\/BMW_Vertragsabschluss-1000x667.jpg 1000w, https:\/\/travia-service.ch\/wp-content\/uploads\/2021\/07\/BMW_Vertragsabschluss-660x440.jpg 660w, https:\/\/travia-service.ch\/wp-content\/uploads\/2021\/07\/BMW_Vertragsabschluss-373x248.jpg 373w\" sizes=\"auto, (max-width: 2000px) 100vw, 2000px\" \/><\/p>\n<p>&nbsp;<\/p>\n<p><span style=\"font-family: arial, helvetica, sans-serif; font-size: 14pt;\">Als externe Dienstleistungsgesellschaft unterst\u00fctzen wir Unternehmen als Outsourcing-Partner mit der professionellen \u00dcbernahme von kaufm\u00e4nnischen Dienstleistungen.<\/span><\/p>\n<p>&nbsp;<\/p>\n<p><img loading=\"lazy\" decoding=\"async\" class=\"alignright wp-image-193 \" style=\"font-family: arial, helvetica, sans-serif; font-size: 15px;\" src=\"http:\/\/travia.local\/wp-content\/uploads\/2021\/07\/BMW_Concierge-1.jpg\" alt=\"\" width=\"324\" height=\"216\" srcset=\"https:\/\/travia-service.ch\/wp-content\/uploads\/2021\/07\/BMW_Concierge-1.jpg 533w, https:\/\/travia-service.ch\/wp-content\/uploads\/2021\/07\/BMW_Concierge-1-300x200.jpg 300w, https:\/\/travia-service.ch\/wp-content\/uploads\/2021\/07\/BMW_Concierge-1-373x248.jpg 373w\" sizes=\"auto, (max-width: 324px) 100vw, 324px\" \/><span style=\"font-family: arial, helvetica, sans-serif;\">Wir erbringen unseren Kunden Mehrwert, indem wir die an uns \u00fcbertragenen Aufgaben gem\u00e4ss<\/span><\/p>\n<p><span style=\"font-family: arial, helvetica, sans-serif;\">vertraglich definierten Kriterien effizient und mit grosser Sorgfalt durchf\u00fchren und bei Bedarf Prozesse und Abl\u00e4ufe optimieren.\u00a0<\/span><span style=\"font-family: arial, helvetica, sans-serif;\">Unsere Kunden k\u00f6nnen sich ganz auf ihr Kerngesch\u00e4ft fokussieren, indem wir ihre personellen Ressourcen entlasten. Schwankende Auslastungen k\u00f6nnen durch die Flexibilisierung dank Outsourcing vermieden werden. Kosteneinsparungen sind dadurch zu realisieren.\u00a0<\/span><span style=\"font-family: arial, helvetica, sans-serif;\">Effizienz und umfassendes Know-how k\u00f6nnen wir dank fundierter betriebswirtschaftlicher und organisatorischer Kenntnisse gew\u00e4hrleisten. Unsere Professionalit\u00e4t wird durch anspruchsvolles Qualit\u00e4ts- und Wissensmanagement sichergestellt.<\/span><\/p>\n<p>&nbsp;<\/p>\n<p>&nbsp;<\/p>\n<p><img loading=\"lazy\" decoding=\"async\" class=\"size-medium wp-image-186 alignleft\" src=\"http:\/\/travia.local\/wp-content\/uploads\/2021\/07\/Leadership-1-300x200.jpg\" alt=\"\" width=\"300\" height=\"200\" srcset=\"https:\/\/travia-service.ch\/wp-content\/uploads\/2021\/07\/Leadership-1-300x200.jpg 300w, https:\/\/travia-service.ch\/wp-content\/uploads\/2021\/07\/Leadership-1-1024x683.jpg 1024w, https:\/\/travia-service.ch\/wp-content\/uploads\/2021\/07\/Leadership-1-768x513.jpg 768w, https:\/\/travia-service.ch\/wp-content\/uploads\/2021\/07\/Leadership-1-1536x1025.jpg 1536w, https:\/\/travia-service.ch\/wp-content\/uploads\/2021\/07\/Leadership-1-2048x1367.jpg 2048w, https:\/\/travia-service.ch\/wp-content\/uploads\/2021\/07\/Leadership-1-1000x667.jpg 1000w, https:\/\/travia-service.ch\/wp-content\/uploads\/2021\/07\/Leadership-1-660x440.jpg 660w, https:\/\/travia-service.ch\/wp-content\/uploads\/2021\/07\/Leadership-1-373x248.jpg 373w\" sizes=\"auto, (max-width: 300px) 100vw, 300px\" \/><span style=\"font-family: arial, helvetica, sans-serif;\">Die Travia GmbH ist ein wachsendes Unternehmen f\u00fcr Outsourcing professioneller<\/span><br \/>\n<span style=\"font-family: arial, helvetica, sans-serif;\">kaufm\u00e4nnischer Dienstleistungen f\u00fcr private Unternehmen und \u00f6ffentliche Institutionen. Seit unserer Gr\u00fcndung im Jahr 2011 sind wir bestrebt, Dienstleistungsprozesse optimal zu gestalten und auszuf\u00fchren, um quantitativ wie auch qualitativ h\u00f6chste Anforderungen zu erf\u00fcllen. <\/span><span style=\"font-family: arial, helvetica, sans-serif;\">Als Dienstleistungsunternehmen steht f\u00fcr uns der Kunde stets im Vordergrund. Unser Team aus motivierten und kaufm\u00e4nnisch qualifizierten Mitarbeitern arbeitet zielorientiert daran, t\u00e4glich beste Ergebnisse zu erzielen.<\/span><\/p>\n","protected":false},"excerpt":{"rendered":"<p>Unternehmen &#8211; Ihr Outsourcing-Partner in Sachen kaufm\u00e4nnische Dienstleistungen &nbsp; &nbsp; Als externe Dienstleistungsgesellschaft unterst\u00fctzen wir Unternehmen als Outsourcing-Partner mit der professionellen \u00dcbernahme von kaufm\u00e4nnischen Dienstleistungen. &nbsp; Wir erbringen unseren Kunden&hellip; <a class=\"excerpt-more-link\" href=\"https:\/\/travia-service.ch\/?page_id=9\">Read More<\/a><\/p>\n","protected":false},"author":1,"featured_media":0,"parent":0,"menu_order":0,"comment_status":"closed","ping_status":"closed","template":"page-templates\/full-width.php","meta":{"footnotes":""},"class_list":["post-9","page","type-page","status-publish","hentry"],"_links":{"self":[{"href":"https:\/\/travia-service.ch\/index.php?rest_route=\/wp\/v2\/pages\/9","targetHints":{"allow":["GET"]}}],"collection":[{"href":"https:\/\/travia-service.ch\/index.php?rest_route=\/wp\/v2\/pages"}],"about":[{"href":"https:\/\/travia-service.ch\/index.php?rest_route=\/wp\/v2\/types\/page"}],"author":[{"embeddable":true,"href":"https:\/\/travia-service.ch\/index.php?rest_route=\/wp\/v2\/users\/1"}],"replies":[{"embeddable":true,"href":"https:\/\/travia-service.ch\/index.php?rest_route=%2Fwp%2Fv2%2Fcomments&post=9"}],"version-history":[{"count":30,"href":"https:\/\/travia-service.ch\/index.php?rest_route=\/wp\/v2\/pages\/9\/revisions"}],"predecessor-version":[{"id":339,"href":"https:\/\/travia-service.ch\/index.php?rest_route=\/wp\/v2\/pages\/9\/revisions\/339"}],"wp:attachment":[{"href":"https:\/\/travia-service.ch\/index.php?rest_route=%2Fwp%2Fv2%2Fmedia&parent=9"}],"curies":[{"name":"wp","href":"https:\/\/api.w.org\/{rel}","templated":true}]}}